{"id":1247,"date":"2026-03-09T10:17:24","date_gmt":"2026-03-09T14:17:24","guid":{"rendered":"https:\/\/fenouilliere.com\/?page_id=1247"},"modified":"2026-03-09T10:17:24","modified_gmt":"2026-03-09T14:17:24","slug":"lunch-menu-2","status":"publish","type":"page","link":"https:\/\/fenouilliere.com\/en\/menus\/lunch-menu-2\/","title":{"rendered":"Lunch menu"},"content":{"rendered":"\n<div class=\"entete-page entete-page--encadre mt-0 mb-0\">\n    <div class=\"container\">\n        <div class=\"row\">\n            <div class=\"column-12 column-lg-8\">\n                <div class=\"entete-page__title\">\n                    <h1>Lunch menu &#8211; A gourmet break in the middle of the day<\/h1>\n                <\/div>\n            <\/div>\n            <div class=\"column-12 column-lg-3\">\n                <div class=\"entete-page__texte\">\n                    <p>Treat yourself to a moment of refinement and flavor with our lunch menu, designed to combine freshness, creativity and gastronomic pleasure. Whether it&#8217;s for a business lunch or a well-deserved break, our team offers you carefully prepared dishes featuring the finest seasonal produce.<\/p>\n                <\/div>\n            <\/div>\n        <\/div>\n    <\/div>\n<\/div>\n\n\n\n<div class=\"pb-0 embed-pdf\">\n    <div class=\"container\">\n        <div class=\"row\">\n            <div class=\"column-12\">\n                <div class=\"embed-pdf__content\">\n                    <div class=\"pdf-controls\">\n                        <button id=\"zoom-in\">+<\/button>\n                        <button id=\"zoom-out\">&#8211;<\/button>\n                    <\/div>\n                    <div class=\"embed\" data-url=\"https:\/\/fenouilliere.com\/wp-content\/uploads\/2025\/11\/5-Menu-anglais-novembre-decembre-janvier-2025-1.pdf\">\n                        \n                    <\/div>\n                <\/div>\n            <\/div>\n        <\/div>\n    <\/div>\n<\/div>\n\n\n\n<div id=\"block_9b22339a6226ceab883c2d5cbd62c11d\" class=\" showcase-menu showcase-menu--row-with-text\">\n    <div class=\"container\">\n        <div class=\"row\">\n            <div class=\"column-12\">\n                <div class=\"showcase-menu__title\">\n                    <h2>Our other menus<\/h2>\n                <\/div>\n            <\/div>\n        <\/div>\n                    <div class=\"row row-with-text\">\n                                    <div class=\"column-12 column-lg-6\">\n                        <div class=\"item\">\n                            <p>Signature breakfast<\/p>\n                            <div class=\"text\">\n                                <p>Get your day off to a great start with our unique breakfasts, combining creativity and fresh ingredients for gourmet mornings.<\/p>\n                            <\/div>\n                            <a href=\"https:\/\/fenouilliere.com\/en\/menus\/signature-breakfast\/\" class=\"button--solid button--solid--light\">View menu<\/a>\n                            <img decoding=\"async\" data-src=\"https:\/\/fenouilliere.com\/wp-content\/uploads\/2025\/02\/dejeuners-signature.png\" alt=\"dejeuners-signature\" src=\"data:image\/svg+xml;base64,PHN2ZyB3aWR0aD0iMSIgaGVpZ2h0PSIxIiB4bWxucz0iaHR0cDovL3d3dy53My5vcmcvMjAwMC9zdmciPjwvc3ZnPg==\" class=\"lazyload\" style=\"--smush-placeholder-width: 705px; --smush-placeholder-aspect-ratio: 705\/501;\">\n                        <\/div>\n                    <\/div>\n                                    <div class=\"column-12 column-lg-6\">\n                        <div class=\"item\">\n                            <p>Evening menu<\/p>\n                            <div class=\"text\">\n                                <p>Enjoy an unforgettable gastronomic experience with our evening menu, where every dish is an invitation to savor excellence.<\/p>\n                            <\/div>\n                            <a href=\"https:\/\/fenouilliere.com\/en\/menus\/evening-menu\/\" class=\"button--solid button--solid--light\">View menu<\/a>\n                            <img decoding=\"async\" data-src=\"https:\/\/fenouilliere.com\/wp-content\/uploads\/2025\/02\/cate-du-soir.png\" alt=\"cate-du-soir\" src=\"data:image\/svg+xml;base64,PHN2ZyB3aWR0aD0iMSIgaGVpZ2h0PSIxIiB4bWxucz0iaHR0cDovL3d3dy53My5vcmcvMjAwMC9zdmciPjwvc3ZnPg==\" class=\"lazyload\" style=\"--smush-placeholder-width: 705px; --smush-placeholder-aspect-ratio: 705\/501;\">\n                        <\/div>\n                    <\/div>\n                            <\/div>\n            <\/div>\n<\/div>\n\n\n\n<div id=\"block_f82fa2412954b2138693ba0592186241\" class=\"pt-0 banner-showcase\">\n    <div class=\"container\">\n        <div class=\"row\">\n            <div class=\"column-12\">\n                <div class=\"banner-showcase__content\">\n                    <div class=\"row\">\n                        <div class=\"column-12 column-lg-8\">\n                            \n\n<h2 class=\"wp-block-heading\">A gourmet experience just a click away<\/h2>\n\n\n\n<div class=\"wp-block-buttons is-layout-flex wp-block-buttons-is-layout-flex\">\n<div class=\"wp-block-button\"><a class=\"wp-block-button__link wp-element-button\" href=\"https:\/\/booking.libroreserve.com\/1f7e34fd9230e9d\/QC014183184536\/seat\" target=\"_blank\" rel=\"noreferrer noopener\">Book now<\/a><\/div>\n<\/div>\n\n\n                        <\/div>\n                    <\/div>\n                                            <div class=\"banner-showcase__content__image\">\n                            <img decoding=\"async\" data-src=\"https:\/\/fenouilliere.com\/wp-content\/uploads\/2025\/03\/plat-vignette-menu-midi-2.png\" alt=\"plat-vignette-menu-midi\" src=\"data:image\/svg+xml;base64,PHN2ZyB3aWR0aD0iMSIgaGVpZ2h0PSIxIiB4bWxucz0iaHR0cDovL3d3dy53My5vcmcvMjAwMC9zdmciPjwvc3ZnPg==\" class=\"lazyload\" style=\"--smush-placeholder-width: 1200px; --smush-placeholder-aspect-ratio: 1200\/1002;\">\n                        <\/div>\n                                    <\/div>\n            <\/div>\n        <\/div>\n    <\/div>\n<\/div>\n\n\n\n<div id=\"block_a35fce8bc69d45a2c16feb90b9eb3cce\" class=\"pt-0 content-list-form\">\n    <div class=\"container\">\n        <div class=\"row\">\n            <div class=\"column-12 column-lg-6\">\n                <div class=\"content-list-form__title\">\n                    <h2>Our opening hours<\/h2>\n                <\/div>\n            <\/div>\n        <\/div>\n        <div class=\"row\">\n            <div class=\"column-12 column-lg-6\">\n                <div class=\"content-list-form__content\">\n                    <div class=\"text\">\n                        <p>Reserve your table now and let yourself be seduced by our lunchtime creations!<\/p>\n                    <\/div>\n                                    <\/div>\n            <\/div>\n            <div class=\"column-12 column-lg-6\">\n                                    <div class=\"content-list-form__liste\">\n                        <p><strong>Tuesday to sunday<\/strong><br \/>\n11:30 am \u2013 2 pm<\/p>\n                    <\/div>\n                            <\/div>\n        <\/div>\n    <\/div>\n<\/div>\n","protected":false},"excerpt":{"rendered":"","protected":false},"author":2,"featured_media":0,"parent":370,"menu_order":0,"comment_status":"closed","ping_status":"closed","template":"","meta":{"_acf_changed":false,"footnotes":""},"class_list":["post-1247","page","type-page","status-publish","hentry"],"acf":[],"yoast_head":"<!-- This site is optimized with the Yoast SEO plugin v26.8 - https:\/\/yoast.com\/product\/yoast-seo-wordpress\/ -->\n<title>Menu du midi de saison au Restaurant La Fenouilli\u00e8re \u00e0 Qu\u00e9bec<\/title>\n<meta name=\"description\" content=\"D\u00e9couvrez le menu du midi de La Fenouilli\u00e8re : des plats gastronomiques pr\u00e9par\u00e9s avec des produits de saison dans un cadre \u00e9l\u00e9gant.\" \/>\n<meta name=\"robots\" content=\"index, follow, max-snippet:-1, max-image-preview:large, max-video-preview:-1\" \/>\n<link rel=\"canonical\" href=\"https:\/\/fenouilliere.com\/en\/menus\/lunch-menu-2\/\" \/>\n<meta property=\"og:locale\" content=\"en_US\" \/>\n<meta property=\"og:type\" content=\"article\" \/>\n<meta property=\"og:title\" content=\"Menu du midi de saison au Restaurant La Fenouilli\u00e8re \u00e0 Qu\u00e9bec\" \/>\n<meta property=\"og:description\" content=\"D\u00e9couvrez le menu du midi de La Fenouilli\u00e8re : des plats gastronomiques pr\u00e9par\u00e9s avec des produits de saison dans un cadre \u00e9l\u00e9gant.\" \/>\n<meta property=\"og:url\" content=\"https:\/\/fenouilliere.com\/en\/menus\/lunch-menu-2\/\" \/>\n<meta property=\"og:site_name\" content=\"La Fenouilliere\" \/>\n<meta property=\"og:image\" content=\"https:\/\/fenouilliere.com\/wp-content\/uploads\/2025\/02\/image-fond-accueil-scaled.jpg\" \/>\n\t<meta property=\"og:image:width\" content=\"2560\" \/>\n\t<meta property=\"og:image:height\" content=\"1439\" \/>\n\t<meta property=\"og:image:type\" content=\"image\/jpeg\" \/>\n<meta name=\"twitter:card\" content=\"summary_large_image\" \/>\n<meta name=\"twitter:label1\" content=\"Est. reading time\" \/>\n\t<meta name=\"twitter:data1\" content=\"1 minute\" \/>\n<script type=\"application\/ld+json\" class=\"yoast-schema-graph\">{\"@context\":\"https:\/\/schema.org\",\"@graph\":[{\"@type\":\"WebPage\",\"@id\":\"https:\/\/fenouilliere.com\/en\/menus\/lunch-menu-2\/\",\"url\":\"https:\/\/fenouilliere.com\/en\/menus\/lunch-menu-2\/\",\"name\":\"Menu du midi de saison au Restaurant La Fenouilli\u00e8re \u00e0 Qu\u00e9bec\",\"isPartOf\":{\"@id\":\"https:\/\/fenouilliere.com\/en\/#website\"},\"datePublished\":\"2026-03-09T14:17:24+00:00\",\"description\":\"D\u00e9couvrez le menu du midi de La Fenouilli\u00e8re : des plats gastronomiques pr\u00e9par\u00e9s avec des produits de saison dans un cadre \u00e9l\u00e9gant.\",\"breadcrumb\":{\"@id\":\"https:\/\/fenouilliere.com\/en\/menus\/lunch-menu-2\/#breadcrumb\"},\"inLanguage\":\"en-US\",\"potentialAction\":[{\"@type\":\"ReadAction\",\"target\":[\"https:\/\/fenouilliere.com\/en\/menus\/lunch-menu-2\/\"]}]},{\"@type\":\"BreadcrumbList\",\"@id\":\"https:\/\/fenouilliere.com\/en\/menus\/lunch-menu-2\/#breadcrumb\",\"itemListElement\":[{\"@type\":\"ListItem\",\"position\":1,\"name\":\"Accueil\",\"item\":\"https:\/\/fenouilliere.com\/en\/\"},{\"@type\":\"ListItem\",\"position\":2,\"name\":\"Lunch menu\"}]},{\"@type\":\"WebSite\",\"@id\":\"https:\/\/fenouilliere.com\/en\/#website\",\"url\":\"https:\/\/fenouilliere.com\/en\/\",\"name\":\"La Fenouilliere\",\"description\":\"\",\"publisher\":{\"@id\":\"https:\/\/fenouilliere.com\/en\/#organization\"},\"potentialAction\":[{\"@type\":\"SearchAction\",\"target\":{\"@type\":\"EntryPoint\",\"urlTemplate\":\"https:\/\/fenouilliere.com\/en\/?s={search_term_string}\"},\"query-input\":{\"@type\":\"PropertyValueSpecification\",\"valueRequired\":true,\"valueName\":\"search_term_string\"}}],\"inLanguage\":\"en-US\"},{\"@type\":\"Organization\",\"@id\":\"https:\/\/fenouilliere.com\/en\/#organization\",\"name\":\"La Fenouilli\u00e8re\",\"url\":\"https:\/\/fenouilliere.com\/en\/\",\"logo\":{\"@type\":\"ImageObject\",\"inLanguage\":\"en-US\",\"@id\":\"https:\/\/fenouilliere.com\/en\/#\/schema\/logo\/image\/\",\"url\":\"https:\/\/fenouilliere.com\/wp-content\/uploads\/2025\/01\/favicon-fenouilliere.png\",\"contentUrl\":\"https:\/\/fenouilliere.com\/wp-content\/uploads\/2025\/01\/favicon-fenouilliere.png\",\"width\":1024,\"height\":1024,\"caption\":\"La Fenouilli\u00e8re\"},\"image\":{\"@id\":\"https:\/\/fenouilliere.com\/en\/#\/schema\/logo\/image\/\"}}]}<\/script>\n<!-- \/ Yoast SEO plugin. -->","yoast_head_json":{"title":"Menu du midi de saison au Restaurant La Fenouilli\u00e8re \u00e0 Qu\u00e9bec","description":"D\u00e9couvrez le menu du midi de La Fenouilli\u00e8re : des plats gastronomiques pr\u00e9par\u00e9s avec des produits de saison dans un cadre \u00e9l\u00e9gant.","robots":{"index":"index","follow":"follow","max-snippet":"max-snippet:-1","max-image-preview":"max-image-preview:large","max-video-preview":"max-video-preview:-1"},"canonical":"https:\/\/fenouilliere.com\/en\/menus\/lunch-menu-2\/","og_locale":"en_US","og_type":"article","og_title":"Menu du midi de saison au Restaurant La Fenouilli\u00e8re \u00e0 Qu\u00e9bec","og_description":"D\u00e9couvrez le menu du midi de La Fenouilli\u00e8re : des plats gastronomiques pr\u00e9par\u00e9s avec des produits de saison dans un cadre \u00e9l\u00e9gant.","og_url":"https:\/\/fenouilliere.com\/en\/menus\/lunch-menu-2\/","og_site_name":"La Fenouilliere","og_image":[{"width":2560,"height":1439,"url":"https:\/\/fenouilliere.com\/wp-content\/uploads\/2025\/02\/image-fond-accueil-scaled.jpg","type":"image\/jpeg"}],"twitter_card":"summary_large_image","twitter_misc":{"Est. reading time":"1 minute"},"schema":{"@context":"https:\/\/schema.org","@graph":[{"@type":"WebPage","@id":"https:\/\/fenouilliere.com\/en\/menus\/lunch-menu-2\/","url":"https:\/\/fenouilliere.com\/en\/menus\/lunch-menu-2\/","name":"Menu du midi de saison au Restaurant La Fenouilli\u00e8re \u00e0 Qu\u00e9bec","isPartOf":{"@id":"https:\/\/fenouilliere.com\/en\/#website"},"datePublished":"2026-03-09T14:17:24+00:00","description":"D\u00e9couvrez le menu du midi de La Fenouilli\u00e8re : des plats gastronomiques pr\u00e9par\u00e9s avec des produits de saison dans un cadre \u00e9l\u00e9gant.","breadcrumb":{"@id":"https:\/\/fenouilliere.com\/en\/menus\/lunch-menu-2\/#breadcrumb"},"inLanguage":"en-US","potentialAction":[{"@type":"ReadAction","target":["https:\/\/fenouilliere.com\/en\/menus\/lunch-menu-2\/"]}]},{"@type":"BreadcrumbList","@id":"https:\/\/fenouilliere.com\/en\/menus\/lunch-menu-2\/#breadcrumb","itemListElement":[{"@type":"ListItem","position":1,"name":"Accueil","item":"https:\/\/fenouilliere.com\/en\/"},{"@type":"ListItem","position":2,"name":"Lunch menu"}]},{"@type":"WebSite","@id":"https:\/\/fenouilliere.com\/en\/#website","url":"https:\/\/fenouilliere.com\/en\/","name":"La Fenouilliere","description":"","publisher":{"@id":"https:\/\/fenouilliere.com\/en\/#organization"},"potentialAction":[{"@type":"SearchAction","target":{"@type":"EntryPoint","urlTemplate":"https:\/\/fenouilliere.com\/en\/?s={search_term_string}"},"query-input":{"@type":"PropertyValueSpecification","valueRequired":true,"valueName":"search_term_string"}}],"inLanguage":"en-US"},{"@type":"Organization","@id":"https:\/\/fenouilliere.com\/en\/#organization","name":"La Fenouilli\u00e8re","url":"https:\/\/fenouilliere.com\/en\/","logo":{"@type":"ImageObject","inLanguage":"en-US","@id":"https:\/\/fenouilliere.com\/en\/#\/schema\/logo\/image\/","url":"https:\/\/fenouilliere.com\/wp-content\/uploads\/2025\/01\/favicon-fenouilliere.png","contentUrl":"https:\/\/fenouilliere.com\/wp-content\/uploads\/2025\/01\/favicon-fenouilliere.png","width":1024,"height":1024,"caption":"La Fenouilli\u00e8re"},"image":{"@id":"https:\/\/fenouilliere.com\/en\/#\/schema\/logo\/image\/"}}]}},"_links":{"self":[{"href":"https:\/\/fenouilliere.com\/en\/wp-json\/wp\/v2\/pages\/1247","targetHints":{"allow":["GET"]}}],"collection":[{"href":"https:\/\/fenouilliere.com\/en\/wp-json\/wp\/v2\/pages"}],"about":[{"href":"https:\/\/fenouilliere.com\/en\/wp-json\/wp\/v2\/types\/page"}],"author":[{"embeddable":true,"href":"https:\/\/fenouilliere.com\/en\/wp-json\/wp\/v2\/users\/2"}],"replies":[{"embeddable":true,"href":"https:\/\/fenouilliere.com\/en\/wp-json\/wp\/v2\/comments?post=1247"}],"version-history":[{"count":1,"href":"https:\/\/fenouilliere.com\/en\/wp-json\/wp\/v2\/pages\/1247\/revisions"}],"predecessor-version":[{"id":1250,"href":"https:\/\/fenouilliere.com\/en\/wp-json\/wp\/v2\/pages\/1247\/revisions\/1250"}],"up":[{"embeddable":true,"href":"https:\/\/fenouilliere.com\/en\/wp-json\/wp\/v2\/pages\/370"}],"wp:attachment":[{"href":"https:\/\/fenouilliere.com\/en\/wp-json\/wp\/v2\/media?parent=1247"}],"curies":[{"name":"wp","href":"https:\/\/api.w.org\/{rel}","templated":true}]}}