{"id":467,"date":"2025-01-23T13:31:06","date_gmt":"2025-01-23T18:31:06","guid":{"rendered":"https:\/\/fenouilliere.com\/nous-joindre\/"},"modified":"2025-03-25T09:28:48","modified_gmt":"2025-03-25T13:28:48","slug":"contact-us","status":"publish","type":"page","link":"https:\/\/fenouilliere.com\/en\/contact-us\/","title":{"rendered":"Contact us"},"content":{"rendered":"\n<div class=\"entete-page entete-page--encadre mt-0\">\n    <div class=\"container\">\n        <div class=\"row\">\n            <div class=\"column-12 column-lg-8\">\n                <div class=\"entete-page__title\">\n                    <h1>Let&#8217;s talk about your culinary projects and desires<\/h1>\n                <\/div>\n            <\/div>\n            <div class=\"column-12 column-lg-3\">\n                <div class=\"entete-page__texte\">\n                    <p><strong>Address<\/strong><br \/>\n<a href=\"https:\/\/maps.app.goo.gl\/qTYCGAsc6LVsGEkeA\" target=\"_blank\">3100, ch. Saint-Louis, <br \/>Qu\u00e9bec, QC G1W 1R8<\/a><\/p>\n<hr>\n<p><strong>Phone<\/strong><br \/>\n<a href=\"tel:4186533886\" target=\"_blank\">418 653-3886<\/a><\/p>\n<hr>\n<p><strong>Email<\/strong><br \/>\n<a href=\"mailto:info@fenouilliere.com\" target=\"_blank\">info@fenouilliere.com<\/a><\/p>\n                <\/div>\n            <\/div>\n        <\/div>\n    <\/div>\n<\/div>\n\n\n\n<div id=\"block_afc4020bad997b7f149eae9330dab9c9\" class=\"pt-0 banner banner--has-line\">\n    <div class=\"container\">\n        <div class=\"row\">\n                            <div class=\"column-12\">\n                    <div class=\"banner__image\">\n                                                    <img decoding=\"async\" data-src=\"https:\/\/fenouilliere.com\/wp-content\/uploads\/2025\/02\/salons.jpg\" alt=\"salons\" src=\"data:image\/svg+xml;base64,PHN2ZyB3aWR0aD0iMSIgaGVpZ2h0PSIxIiB4bWxucz0iaHR0cDovL3d3dy53My5vcmcvMjAwMC9zdmciPjwvc3ZnPg==\" class=\"lazyload\" style=\"--smush-placeholder-width: 2516px; --smush-placeholder-aspect-ratio: 2516\/800;\">\n                                            <\/div>\n                <\/div>\n                    <\/div>\n    <\/div>\n<\/div>\n\n\n\n<div id=\"block_573db28130dc79ea83a9fdfebc70563f\" class=\"pt-0 content-list-form\">\n    <div class=\"container\">\n        <div class=\"row\">\n            <div class=\"column-12 column-lg-6\">\n                <div class=\"content-list-form__title\">\n                    <h2>Accessible to all<\/h2>\n                <\/div>\n            <\/div>\n        <\/div>\n        <div class=\"row\">\n            <div class=\"column-12 column-lg-6\">\n                <div class=\"content-list-form__content\">\n                    <div class=\"text\">\n                        <p>We look forward to welcoming you and providing you with an unforgettable culinary experience.<\/p>\n                    <\/div>\n                                    <\/div>\n            <\/div>\n            <div class=\"column-12 column-lg-6\">\n                                    <div class=\"content-list-form__liste\">\n                        <p><strong>Opening hours<\/strong><\/p>\n<p><strong>Monday<\/strong><br \/>\n6:30 am &#8211; 10 am<\/p>\n<hr>\n<p><strong>Tuesday to friday<\/strong><br \/>\n6:30 am &#8211; 10 am<br \/>\n11:30 am &#8211; 2 pm<br \/>\n5:30 pm &#8211; 9 pm<\/p>\n<hr>\n<p><strong>Saturday and sunday<\/strong><br \/>\n8 am &#8211; 2 pm<br \/>\n5:30 pm &#8211; 9 pm<\/p>\n                    <\/div>\n                            <\/div>\n        <\/div>\n    <\/div>\n<\/div>\n\n\n\n<div class=\"pt-0 card\">\n    <div class=\"container\">\n        <div class=\"row\">\n            <div class=\"column-12\">\n                <div class=\"card__content\">\n                    <div class=\"row\">\n                        <div class=\"column-12 column-lg-7\">\n                            <div class=\"card__content__text\">\n                                \n\n<h2 class=\"wp-block-heading\">H\u00f4tel Aristocrate<\/h2>\n\n\n\n<p>Enjoy direct access from the hotel, ideal for enjoying a meal without compromising on quality and comfort. Hotel Aristocrate guests also benefit from a complimentary breakfast starting at $16+tx, as well as a 15% discount on the entire menu.<\/p>\n\n\n\n<div class=\"wp-block-buttons is-layout-flex wp-block-buttons-is-layout-flex\">\n<div class=\"wp-block-button\"><a class=\"wp-block-button__link wp-element-button\" href=\"https:\/\/www.hotelaristocrate.com\/en\/\" target=\"_blank\" rel=\"noreferrer noopener\">Read more<\/a><\/div>\n<\/div>\n\n\n                            <\/div>\n                        <\/div>\n                        <div class=\"column-12 column-lg-5\">\n                                                            <div class=\"card__content__image\">\n                                    <img decoding=\"async\" data-src=\"https:\/\/fenouilliere.com\/wp-content\/uploads\/2025\/02\/hotel-aristocrate.jpg\" alt=\"hotel-aristocrate\" src=\"data:image\/svg+xml;base64,PHN2ZyB3aWR0aD0iMSIgaGVpZ2h0PSIxIiB4bWxucz0iaHR0cDovL3d3dy53My5vcmcvMjAwMC9zdmciPjwvc3ZnPg==\" class=\"lazyload\" style=\"--smush-placeholder-width: 966px; --smush-placeholder-aspect-ratio: 966\/1000;\">\n                                <\/div>\n                                                    <\/div>\n                    <\/div>\n                <\/div>\n            <\/div>\n        <\/div>\n    <\/div>\n<\/div>\n\n\n\n<div id=\"block_0b4901041c632a8859e6f3e8889047b2\" class=\"pt-0 content-list-form\">\n    <div class=\"container\">\n        <div class=\"row\">\n            <div class=\"column-12 column-lg-6\">\n                <div class=\"content-list-form__title\">\n                    <h2>Contact us<\/h2>\n                <\/div>\n            <\/div>\n        <\/div>\n        <div class=\"row\">\n            <div class=\"column-12 column-lg-6\">\n                <div class=\"content-list-form__content\">\n                    <div class=\"text\">\n                        <p>We&#8217;d be delighted to answer any questions you may have and help you organize your next event or meal. Don&#8217;t hesitate to contact us &#8211; we&#8217;re here for you!<\/p>\n                    <\/div>\n                                    <\/div>\n            <\/div>\n            <div class=\"column-12 column-lg-6\">\n                                    <div class=\"content-list-form__form\">\n                        \n<div class=\"wpcf7 no-js\" id=\"wpcf7-f493-o1\" lang=\"en-US\" dir=\"ltr\" data-wpcf7-id=\"493\">\n<div class=\"screen-reader-response\"><p role=\"status\" aria-live=\"polite\" aria-atomic=\"true\"><\/p> <ul><\/ul><\/div>\n<form action=\"\/en\/wp-json\/wp\/v2\/pages\/467#wpcf7-f493-o1\" method=\"post\" class=\"wpcf7-form init\" aria-label=\"Contact form\" novalidate=\"novalidate\" data-status=\"init\">\n<fieldset class=\"hidden-fields-container\"><input type=\"hidden\" name=\"_wpcf7\" value=\"493\" \/><input type=\"hidden\" name=\"_wpcf7_version\" value=\"6.1.4\" \/><input type=\"hidden\" name=\"_wpcf7_locale\" value=\"en_US\" \/><input type=\"hidden\" name=\"_wpcf7_unit_tag\" value=\"wpcf7-f493-o1\" \/><input type=\"hidden\" name=\"_wpcf7_container_post\" value=\"0\" \/><input type=\"hidden\" name=\"_wpcf7_posted_data_hash\" value=\"\" \/><input type=\"hidden\" name=\"_wpcf7_recaptcha_response\" value=\"\" \/>\n<\/fieldset>\n<div class=\"row\">\n<div class=\"column-12 column-lg-6\">\n<label>First and last name <span class=\"wpcf7-form-control-wrap\" data-name=\"nom\"><input size=\"40\" maxlength=\"400\" class=\"wpcf7-form-control wpcf7-text wpcf7-validates-as-required\" aria-required=\"true\" aria-invalid=\"false\" value=\"\" type=\"text\" name=\"nom\" \/><\/span><\/label>\n<\/div>\n<div class=\"column-12 column-lg-6\">\n<label>Phone <span class=\"wpcf7-form-control-wrap\" data-name=\"telephone\"><input size=\"40\" maxlength=\"400\" class=\"wpcf7-form-control wpcf7-tel wpcf7-validates-as-required wpcf7-text wpcf7-validates-as-tel\" aria-required=\"true\" aria-invalid=\"false\" value=\"\" type=\"tel\" name=\"telephone\" \/><\/span><\/label>\n<\/div>\n<div class=\"column-12 column-lg-6\">\n<label>Email address <span class=\"wpcf7-form-control-wrap\" data-name=\"courriel\"><input size=\"40\" maxlength=\"400\" class=\"wpcf7-form-control wpcf7-email wpcf7-validates-as-required wpcf7-text wpcf7-validates-as-email\" aria-required=\"true\" aria-invalid=\"false\" value=\"\" type=\"email\" name=\"courriel\" \/><\/span><\/label>\n<\/div>\n<div class=\"column-12 column-lg-6\">\n<label class=\"select-container\">Subject <span class=\"wpcf7-form-control-wrap\" data-name=\"sujet\"><select class=\"wpcf7-form-control wpcf7-select\" aria-invalid=\"false\" name=\"sujet\"><option value=\"\">Select an option<\/option><option value=\"Contact us\">Contact us<\/option><option value=\"Question\">Question<\/option><option value=\"Comment\">Comment<\/option><option value=\"Reservation\">Reservation<\/option><\/select><\/span><\/label>\n<\/div>\n<div class=\"column-12\">\n<label>Message <span class=\"wpcf7-form-control-wrap\" data-name=\"message\"><textarea cols=\"40\" rows=\"10\" maxlength=\"2000\" class=\"wpcf7-form-control wpcf7-textarea\" aria-invalid=\"false\" name=\"message\"><\/textarea><\/span><\/label>\n<\/div>\n<div class=\"column-12\">\n<button class=\"wpcf7-form-control wpcf7-submit button--solid button--solid--light\" type=\"submit\">Send<\/button>\n<\/div>\n<\/div><div class=\"wpcf7-response-output\" aria-hidden=\"true\"><\/div>\n<\/form>\n<\/div>\n                    <\/div>\n                            <\/div>\n        <\/div>\n    <\/div>\n<\/div>\n","protected":false},"excerpt":{"rendered":"","protected":false},"author":1,"featured_media":0,"parent":0,"menu_order":0,"comment_status":"closed","ping_status":"closed","template":"","meta":{"_acf_changed":false,"footnotes":""},"class_list":["post-467","page","type-page","status-publish","hentry"],"acf":[],"yoast_head":"<!-- This site is optimized with the Yoast SEO plugin v26.8 - https:\/\/yoast.com\/product\/yoast-seo-wordpress\/ -->\n<title>Coordonn\u00e9es du Restaurant La Fenouilli\u00e8re \u00e0 Qu\u00e9bec<\/title>\n<meta name=\"description\" content=\"R\u00e9servez ou \u00e9changez vos id\u00e9es culinaires avec La Fenouilli\u00e8re. Nous sommes \u00e0 Qu\u00e9bec, contactez-nous ! 418 653-3886.\" \/>\n<meta name=\"robots\" content=\"index, follow, max-snippet:-1, max-image-preview:large, max-video-preview:-1\" \/>\n<link rel=\"canonical\" href=\"https:\/\/fenouilliere.com\/en\/contact-us\/\" \/>\n<meta property=\"og:locale\" content=\"en_US\" \/>\n<meta property=\"og:type\" content=\"article\" \/>\n<meta property=\"og:title\" content=\"Coordonn\u00e9es du Restaurant La Fenouilli\u00e8re \u00e0 Qu\u00e9bec\" \/>\n<meta property=\"og:description\" content=\"R\u00e9servez ou \u00e9changez vos id\u00e9es culinaires avec La Fenouilli\u00e8re. Nous sommes \u00e0 Qu\u00e9bec, contactez-nous ! 418 653-3886.\" \/>\n<meta property=\"og:url\" content=\"https:\/\/fenouilliere.com\/en\/contact-us\/\" \/>\n<meta property=\"og:site_name\" content=\"La Fenouilliere\" \/>\n<meta property=\"article:modified_time\" content=\"2025-03-25T13:28:48+00:00\" \/>\n<meta property=\"og:image\" content=\"https:\/\/fenouilliere.com\/wp-content\/uploads\/2025\/02\/image-fond-accueil-scaled.jpg\" \/>\n\t<meta property=\"og:image:width\" content=\"2560\" \/>\n\t<meta property=\"og:image:height\" content=\"1439\" \/>\n\t<meta property=\"og:image:type\" content=\"image\/jpeg\" \/>\n<meta name=\"twitter:card\" content=\"summary_large_image\" \/>\n<meta name=\"twitter:label1\" content=\"Est. reading time\" \/>\n\t<meta name=\"twitter:data1\" content=\"1 minute\" \/>\n<script type=\"application\/ld+json\" class=\"yoast-schema-graph\">{\"@context\":\"https:\/\/schema.org\",\"@graph\":[{\"@type\":\"WebPage\",\"@id\":\"https:\/\/fenouilliere.com\/en\/contact-us\/\",\"url\":\"https:\/\/fenouilliere.com\/en\/contact-us\/\",\"name\":\"Coordonn\u00e9es du Restaurant La Fenouilli\u00e8re \u00e0 Qu\u00e9bec\",\"isPartOf\":{\"@id\":\"https:\/\/fenouilliere.com\/en\/#website\"},\"datePublished\":\"2025-01-23T18:31:06+00:00\",\"dateModified\":\"2025-03-25T13:28:48+00:00\",\"description\":\"R\u00e9servez ou \u00e9changez vos id\u00e9es culinaires avec La Fenouilli\u00e8re. Nous sommes \u00e0 Qu\u00e9bec, contactez-nous ! 418 653-3886.\",\"breadcrumb\":{\"@id\":\"https:\/\/fenouilliere.com\/en\/contact-us\/#breadcrumb\"},\"inLanguage\":\"en-US\",\"potentialAction\":[{\"@type\":\"ReadAction\",\"target\":[\"https:\/\/fenouilliere.com\/en\/contact-us\/\"]}]},{\"@type\":\"BreadcrumbList\",\"@id\":\"https:\/\/fenouilliere.com\/en\/contact-us\/#breadcrumb\",\"itemListElement\":[{\"@type\":\"ListItem\",\"position\":1,\"name\":\"Accueil\",\"item\":\"https:\/\/fenouilliere.com\/en\/\"},{\"@type\":\"ListItem\",\"position\":2,\"name\":\"Contact us\"}]},{\"@type\":\"WebSite\",\"@id\":\"https:\/\/fenouilliere.com\/en\/#website\",\"url\":\"https:\/\/fenouilliere.com\/en\/\",\"name\":\"La Fenouilliere\",\"description\":\"\",\"publisher\":{\"@id\":\"https:\/\/fenouilliere.com\/en\/#organization\"},\"potentialAction\":[{\"@type\":\"SearchAction\",\"target\":{\"@type\":\"EntryPoint\",\"urlTemplate\":\"https:\/\/fenouilliere.com\/en\/?s={search_term_string}\"},\"query-input\":{\"@type\":\"PropertyValueSpecification\",\"valueRequired\":true,\"valueName\":\"search_term_string\"}}],\"inLanguage\":\"en-US\"},{\"@type\":\"Organization\",\"@id\":\"https:\/\/fenouilliere.com\/en\/#organization\",\"name\":\"La Fenouilli\u00e8re\",\"url\":\"https:\/\/fenouilliere.com\/en\/\",\"logo\":{\"@type\":\"ImageObject\",\"inLanguage\":\"en-US\",\"@id\":\"https:\/\/fenouilliere.com\/en\/#\/schema\/logo\/image\/\",\"url\":\"https:\/\/fenouilliere.com\/wp-content\/uploads\/2025\/01\/favicon-fenouilliere.png\",\"contentUrl\":\"https:\/\/fenouilliere.com\/wp-content\/uploads\/2025\/01\/favicon-fenouilliere.png\",\"width\":1024,\"height\":1024,\"caption\":\"La Fenouilli\u00e8re\"},\"image\":{\"@id\":\"https:\/\/fenouilliere.com\/en\/#\/schema\/logo\/image\/\"}}]}<\/script>\n<!-- \/ Yoast SEO plugin. -->","yoast_head_json":{"title":"Coordonn\u00e9es du Restaurant La Fenouilli\u00e8re \u00e0 Qu\u00e9bec","description":"R\u00e9servez ou \u00e9changez vos id\u00e9es culinaires avec La Fenouilli\u00e8re. Nous sommes \u00e0 Qu\u00e9bec, contactez-nous ! 418 653-3886.","robots":{"index":"index","follow":"follow","max-snippet":"max-snippet:-1","max-image-preview":"max-image-preview:large","max-video-preview":"max-video-preview:-1"},"canonical":"https:\/\/fenouilliere.com\/en\/contact-us\/","og_locale":"en_US","og_type":"article","og_title":"Coordonn\u00e9es du Restaurant La Fenouilli\u00e8re \u00e0 Qu\u00e9bec","og_description":"R\u00e9servez ou \u00e9changez vos id\u00e9es culinaires avec La Fenouilli\u00e8re. Nous sommes \u00e0 Qu\u00e9bec, contactez-nous ! 418 653-3886.","og_url":"https:\/\/fenouilliere.com\/en\/contact-us\/","og_site_name":"La Fenouilliere","article_modified_time":"2025-03-25T13:28:48+00:00","og_image":[{"width":2560,"height":1439,"url":"https:\/\/fenouilliere.com\/wp-content\/uploads\/2025\/02\/image-fond-accueil-scaled.jpg","type":"image\/jpeg"}],"twitter_card":"summary_large_image","twitter_misc":{"Est. reading time":"1 minute"},"schema":{"@context":"https:\/\/schema.org","@graph":[{"@type":"WebPage","@id":"https:\/\/fenouilliere.com\/en\/contact-us\/","url":"https:\/\/fenouilliere.com\/en\/contact-us\/","name":"Coordonn\u00e9es du Restaurant La Fenouilli\u00e8re \u00e0 Qu\u00e9bec","isPartOf":{"@id":"https:\/\/fenouilliere.com\/en\/#website"},"datePublished":"2025-01-23T18:31:06+00:00","dateModified":"2025-03-25T13:28:48+00:00","description":"R\u00e9servez ou \u00e9changez vos id\u00e9es culinaires avec La Fenouilli\u00e8re. Nous sommes \u00e0 Qu\u00e9bec, contactez-nous ! 418 653-3886.","breadcrumb":{"@id":"https:\/\/fenouilliere.com\/en\/contact-us\/#breadcrumb"},"inLanguage":"en-US","potentialAction":[{"@type":"ReadAction","target":["https:\/\/fenouilliere.com\/en\/contact-us\/"]}]},{"@type":"BreadcrumbList","@id":"https:\/\/fenouilliere.com\/en\/contact-us\/#breadcrumb","itemListElement":[{"@type":"ListItem","position":1,"name":"Accueil","item":"https:\/\/fenouilliere.com\/en\/"},{"@type":"ListItem","position":2,"name":"Contact us"}]},{"@type":"WebSite","@id":"https:\/\/fenouilliere.com\/en\/#website","url":"https:\/\/fenouilliere.com\/en\/","name":"La Fenouilliere","description":"","publisher":{"@id":"https:\/\/fenouilliere.com\/en\/#organization"},"potentialAction":[{"@type":"SearchAction","target":{"@type":"EntryPoint","urlTemplate":"https:\/\/fenouilliere.com\/en\/?s={search_term_string}"},"query-input":{"@type":"PropertyValueSpecification","valueRequired":true,"valueName":"search_term_string"}}],"inLanguage":"en-US"},{"@type":"Organization","@id":"https:\/\/fenouilliere.com\/en\/#organization","name":"La Fenouilli\u00e8re","url":"https:\/\/fenouilliere.com\/en\/","logo":{"@type":"ImageObject","inLanguage":"en-US","@id":"https:\/\/fenouilliere.com\/en\/#\/schema\/logo\/image\/","url":"https:\/\/fenouilliere.com\/wp-content\/uploads\/2025\/01\/favicon-fenouilliere.png","contentUrl":"https:\/\/fenouilliere.com\/wp-content\/uploads\/2025\/01\/favicon-fenouilliere.png","width":1024,"height":1024,"caption":"La Fenouilli\u00e8re"},"image":{"@id":"https:\/\/fenouilliere.com\/en\/#\/schema\/logo\/image\/"}}]}},"_links":{"self":[{"href":"https:\/\/fenouilliere.com\/en\/wp-json\/wp\/v2\/pages\/467","targetHints":{"allow":["GET"]}}],"collection":[{"href":"https:\/\/fenouilliere.com\/en\/wp-json\/wp\/v2\/pages"}],"about":[{"href":"https:\/\/fenouilliere.com\/en\/wp-json\/wp\/v2\/types\/page"}],"author":[{"embeddable":true,"href":"https:\/\/fenouilliere.com\/en\/wp-json\/wp\/v2\/users\/1"}],"replies":[{"embeddable":true,"href":"https:\/\/fenouilliere.com\/en\/wp-json\/wp\/v2\/comments?post=467"}],"version-history":[{"count":5,"href":"https:\/\/fenouilliere.com\/en\/wp-json\/wp\/v2\/pages\/467\/revisions"}],"predecessor-version":[{"id":558,"href":"https:\/\/fenouilliere.com\/en\/wp-json\/wp\/v2\/pages\/467\/revisions\/558"}],"wp:attachment":[{"href":"https:\/\/fenouilliere.com\/en\/wp-json\/wp\/v2\/media?parent=467"}],"curies":[{"name":"wp","href":"https:\/\/api.w.org\/{rel}","templated":true}]}}