{"id":470,"date":"2025-01-23T13:30:05","date_gmt":"2025-01-23T18:30:05","guid":{"rendered":"https:\/\/fenouilliere.com\/restaurant\/"},"modified":"2025-03-25T09:26:15","modified_gmt":"2025-03-25T13:26:15","slug":"restaurant","status":"publish","type":"page","link":"https:\/\/fenouilliere.com\/en\/restaurant\/","title":{"rendered":"Restaurant"},"content":{"rendered":"\n<div class=\"entete-page entete-page--encadre mt-0 mb-0\">\n    <div class=\"container\">\n        <div class=\"row\">\n            <div class=\"column-12 column-lg-8\">\n                <div class=\"entete-page__title\">\n                    <h1>Welcome to La Fenouilli\u00e8re &#8211; Gastronomic excellence in Quebec City<\/h1>\n                <\/div>\n            <\/div>\n            <div class=\"column-12 column-lg-3\">\n                <div class=\"entete-page__texte\">\n                    <p>For over 35 years, La Fenouilli\u00e8re has been a benchmark for gourmet cuisine in Quebec City. We offer a refined culinary experience, highlighting the riches of the terroir and seasonal produce, carefully selected from local producers.<\/p>\n                <\/div>\n            <\/div>\n        <\/div>\n    <\/div>\n<\/div>\n\n\n\n<div id=\"block_4550c38cd7aa51bc0fa122eb6d7b489f\" class=\" banner \">\n    <div class=\"container\">\n        <div class=\"row\">\n                            <div class=\"column-12\">\n                    <div class=\"banner__image\">\n                                                    <img decoding=\"async\" data-src=\"https:\/\/fenouilliere.com\/wp-content\/uploads\/2025\/02\/restaurant-banniere.jpg\" alt=\"restaurant-banniere\" src=\"data:image\/svg+xml;base64,PHN2ZyB3aWR0aD0iMSIgaGVpZ2h0PSIxIiB4bWxucz0iaHR0cDovL3d3dy53My5vcmcvMjAwMC9zdmciPjwvc3ZnPg==\" class=\"lazyload\" style=\"--smush-placeholder-width: 2516px; --smush-placeholder-aspect-ratio: 2516\/800;\">\n                                            <\/div>\n                <\/div>\n                    <\/div>\n    <\/div>\n<\/div>\n\n\n\n<div id=\"block_e77403243f7928ce993276ba975cb694\" class=\"image-texte-2 pt-0\">\n    <div class=\"container\">\n        <div class=\"row\">\n            <div class=\"column-12 column-lg-10 offset-lg-1\">\n                <div class=\"row\">\n                    <div class=\"column-12 column-lg-6\">\n                        <div class=\"image-texte-2__title\">\n                            <h2>Our history<\/h2>\n                        <\/div>\n                        <div class=\"image-texte-2__image\">\n                            <img decoding=\"async\" data-src=\"https:\/\/fenouilliere.com\/wp-content\/uploads\/2025\/03\/histoire-plat.jpg\" alt=\"histoire\" src=\"data:image\/svg+xml;base64,PHN2ZyB3aWR0aD0iMSIgaGVpZ2h0PSIxIiB4bWxucz0iaHR0cDovL3d3dy53My5vcmcvMjAwMC9zdmciPjwvc3ZnPg==\" class=\"lazyload\" style=\"--smush-placeholder-width: 1500px; --smush-placeholder-aspect-ratio: 1500\/2250;\">\n                        <\/div>\n                    <\/div>\n                    <div class=\"column-12 column-lg-6 content-container\">\n                        <div class=\"image-texte-2__content\">\n                            \n\n<p>Whether you&#8217;re looking for a refined brunch, a business lunch or an exceptional dinner, our passionate team will do its utmost to offer you authentic, tasty cuisine in a warm, elegant setting.<\/p>\n\n\n\n<h3 class=\"wp-block-heading\">A tradition of excellence for over 35 years<\/h3>\n\n\n\n<p>Founded with the vision of offering refined gastronomic cuisine, La Fenouilli\u00e8re has established itself as one of Quebec City&#8217;s must-visit addresses.<\/p>\n\n\n\n<h3 class=\"wp-block-heading\">Mastered know-how<\/h3>\n\n\n\n<p>Under the direction of Steeve Morin, our team of enthusiasts showcases the riches of Quebec&#8217;s terroir through elegant, flavorful cuisine. Each dish is precisely thought out, thanks to local sourcing, rigorous standardization and artisanal mastery that ensure consistency and impeccable quality.<\/p>\n\n\n\n<hr class=\"wp-block-separator has-alpha-channel-opacity\"\/>\n\n\n\n<h3 class=\"wp-block-heading has-text-align-right has-medium-font-size\">Passion<\/h3>\n\n\n\n<h3 class=\"wp-block-heading has-text-align-right has-medium-font-size\">Creativity<\/h3>\n\n\n\n<h3 class=\"wp-block-heading has-text-align-right has-medium-font-size\">Quality<\/h3>\n\n\n                        <\/div>\n                    <\/div>\n                <\/div>\n            <\/div>\n        <\/div>\n    <\/div>\n<\/div>\n\n\n<div class=\"pb-0 pt-0 card\">\n    <div class=\"container\">\n        <div class=\"row\">\n            <div class=\"column-12\">\n                <div class=\"card__content\">\n                    <div class=\"row\">\n                        <div class=\"column-12 column-lg-7\">\n                            <div class=\"card__content__text\">\n                                \n\n<h2 class=\"wp-block-heading\">Our chef, between tradition and innovation<\/h2>\n\n\n\n<h3 class=\"wp-block-heading\"><strong>Home cooking, unique know-how<\/strong><\/h3>\n\n\n\n<p>At La Fenouilli\u00e8re, every detail counts. Our sauces, vinaigrettes, smoked meats and charcuterie are entirely homemade, guaranteeing freshness, consistency and quality. Our brigade of over 20 employees, led by an experienced chef who has been with us for several years, standardizes every preparation to ensure impeccable consistency on your plates.<\/p>\n\n\n\n<h3 class=\"wp-block-heading\">A complete culinary experience<\/h3>\n\n\n\n<p>From gourmet breakfasts and brunches to business lunches and gourmet dinners, every moment at La Fenouilli\u00e8re is a celebration of taste and culinary know-how.<\/p>\n\n\n\n<div class=\"wp-block-buttons is-layout-flex wp-block-buttons-is-layout-flex\">\n<div class=\"wp-block-button\"><a class=\"wp-block-button__link wp-element-button\" href=\"https:\/\/fenouilliere.com\/en\/menus\/\">Discover our menus<\/a><\/div>\n<\/div>\n\n\n                            <\/div>\n                        <\/div>\n                        <div class=\"column-12 column-lg-5\">\n                                                            <div class=\"card__content__image\">\n                                    <img decoding=\"async\" data-src=\"https:\/\/fenouilliere.com\/wp-content\/uploads\/2025\/02\/chef-tradition-innovation.jpg\" alt=\"chef-tradition-innovation\" src=\"data:image\/svg+xml;base64,PHN2ZyB3aWR0aD0iMSIgaGVpZ2h0PSIxIiB4bWxucz0iaHR0cDovL3d3dy53My5vcmcvMjAwMC9zdmciPjwvc3ZnPg==\" class=\"lazyload\" style=\"--smush-placeholder-width: 966px; --smush-placeholder-aspect-ratio: 966\/1190;\">\n                                <\/div>\n                                                    <\/div>\n                    <\/div>\n                <\/div>\n            <\/div>\n        <\/div>\n    <\/div>\n<\/div>\n\n\n\n<div id=\"block_03cf94e626cd24ebf6620169169ecc93\" class=\" content-center\">\n            <div class=\"has-lines\"><\/div>\n        <div class=\"container\">\n        <div class=\"row\">\n            <div class=\"column-12 column-lg-8 offset-lg-2\">\n                <div class=\"content-center__content\">\n                    \n\n<h2 class=\"wp-block-heading\">Our partners<\/h2>\n\n\n\n<p>At La Fenouilli\u00e8re, we believe that culinary excellence is the fruit of passionate collaboration. That&#8217;s why we&#8217;re proud to partner with exceptional local artisans and producers who share our commitment to quality and authenticity.<\/p>\n\n\n\n<p><strong>Boulangerie la Fabrique<\/strong><\/p>\n\n\n\n<p><strong>La Canne Blanche<\/strong><\/p>\n\n\n\n<p><strong>Sanglier des Bois<\/strong><\/p>\n\n\n\n<p><strong>Gibier Canabec<\/strong><\/p>\n\n\n\n<p><strong>Plaisir Gourmet<\/strong><\/p>\n\n\n\n<p><strong>Fines Herbes Daniel<\/strong><\/p>\n\n\n                <\/div>\n            <\/div>\n        <\/div>\n    <\/div>\n<\/div>\n\n\n\n<div id=\"block_9ba4ec4c556db8a49c4eb68d75cb7f88\" class=\"pt-0 content-list-form\">\n    <div class=\"container\">\n        <div class=\"row\">\n            <div class=\"column-12 column-lg-6\">\n                <div class=\"content-list-form__title\">\n                    <h2>A gourmet experience just a click away<\/h2>\n                <\/div>\n            <\/div>\n        <\/div>\n        <div class=\"row\">\n            <div class=\"column-12 column-lg-6\">\n                <div class=\"content-list-form__content\">\n                    <div class=\"text\">\n                                            <\/div>\n                                            <div class=\"boutons\">\n                                                                                                <a href=\"https:\/\/booking.libroreserve.com\/1f7e34fd9230e9d\/QC014183184536\/seat\" target=\"_blank\" class=\"button--solid\">Book now<\/a>\n                                                                                                                                <a href=\"https:\/\/order.ueat.io\/integration\/b9f6cab1-8345-40b3-9e09-d7e2cd9d63dc\/fr#\/\" target=\"_blank\" class=\"button--solid\">Order online<\/a>\n                                                                                    <\/div>\n                                    <\/div>\n            <\/div>\n            <div class=\"column-12 column-lg-6\">\n                                    <div class=\"content-list-form__liste\">\n                        <p><strong>Address<\/strong><br \/>\n<a href=\"https:\/\/maps.app.goo.gl\/qTYCGAsc6LVsGEkeA\" target=\"_blank\">3100, ch. Saint-Louis, <br \/>Qu\u00e9bec, QC G1W 1R8<\/a><\/p>\n<hr>\n<p><strong>Phone<\/strong><br \/>\n<a href=\"tel:4186533886\" target=\"_blank\">418 653-3886<\/a><\/p>\n<hr>\n<p><strong>Email<\/strong><br \/>\n<a href=\"mailto:info@fenouilliere.com\" target=\"_blank\">info@fenouilliere.com<\/a><\/p>\n                    <\/div>\n                            <\/div>\n        <\/div>\n    <\/div>\n<\/div>\n","protected":false},"excerpt":{"rendered":"","protected":false},"author":1,"featured_media":0,"parent":0,"menu_order":0,"comment_status":"closed","ping_status":"closed","template":"","meta":{"_acf_changed":false,"footnotes":""},"class_list":["post-470","page","type-page","status-publish","hentry"],"acf":[],"yoast_head":"<!-- This site is optimized with the Yoast SEO plugin v26.8 - https:\/\/yoast.com\/product\/yoast-seo-wordpress\/ -->\n<title>La Fenouilli\u00e8re \u00e0 Qu\u00e9bec | Une exp\u00e9rience culinaire exceptionnelle<\/title>\n<meta name=\"description\" content=\"Depuis 35 ans, La Fenouilli\u00e8re est un incontournable de la cuisine gastronomique \u00e0 Qu\u00e9bec. Profitez d&#039;une exp\u00e9rience culinaire unique.\" \/>\n<meta name=\"robots\" content=\"index, follow, max-snippet:-1, max-image-preview:large, max-video-preview:-1\" \/>\n<link rel=\"canonical\" href=\"https:\/\/fenouilliere.com\/en\/restaurant\/\" \/>\n<meta property=\"og:locale\" content=\"en_US\" \/>\n<meta property=\"og:type\" content=\"article\" \/>\n<meta property=\"og:title\" content=\"La Fenouilli\u00e8re \u00e0 Qu\u00e9bec | Une exp\u00e9rience culinaire exceptionnelle\" \/>\n<meta property=\"og:description\" content=\"Depuis 35 ans, La Fenouilli\u00e8re est un incontournable de la cuisine gastronomique \u00e0 Qu\u00e9bec. Profitez d&#039;une exp\u00e9rience culinaire unique.\" \/>\n<meta property=\"og:url\" content=\"https:\/\/fenouilliere.com\/en\/restaurant\/\" \/>\n<meta property=\"og:site_name\" content=\"La Fenouilliere\" \/>\n<meta property=\"article:modified_time\" content=\"2025-03-25T13:26:15+00:00\" \/>\n<meta property=\"og:image\" content=\"https:\/\/fenouilliere.com\/wp-content\/uploads\/2025\/02\/image-fond-accueil-scaled.jpg\" \/>\n\t<meta property=\"og:image:width\" content=\"2560\" \/>\n\t<meta property=\"og:image:height\" content=\"1439\" \/>\n\t<meta property=\"og:image:type\" content=\"image\/jpeg\" \/>\n<meta name=\"twitter:card\" content=\"summary_large_image\" \/>\n<meta name=\"twitter:label1\" content=\"Est. reading time\" \/>\n\t<meta name=\"twitter:data1\" content=\"2 minutes\" \/>\n<script type=\"application\/ld+json\" class=\"yoast-schema-graph\">{\"@context\":\"https:\/\/schema.org\",\"@graph\":[{\"@type\":\"WebPage\",\"@id\":\"https:\/\/fenouilliere.com\/en\/restaurant\/\",\"url\":\"https:\/\/fenouilliere.com\/en\/restaurant\/\",\"name\":\"La Fenouilli\u00e8re \u00e0 Qu\u00e9bec | Une exp\u00e9rience culinaire exceptionnelle\",\"isPartOf\":{\"@id\":\"https:\/\/fenouilliere.com\/en\/#website\"},\"datePublished\":\"2025-01-23T18:30:05+00:00\",\"dateModified\":\"2025-03-25T13:26:15+00:00\",\"description\":\"Depuis 35 ans, La Fenouilli\u00e8re est un incontournable de la cuisine gastronomique \u00e0 Qu\u00e9bec. Profitez d'une exp\u00e9rience culinaire unique.\",\"breadcrumb\":{\"@id\":\"https:\/\/fenouilliere.com\/en\/restaurant\/#breadcrumb\"},\"inLanguage\":\"en-US\",\"potentialAction\":[{\"@type\":\"ReadAction\",\"target\":[\"https:\/\/fenouilliere.com\/en\/restaurant\/\"]}]},{\"@type\":\"BreadcrumbList\",\"@id\":\"https:\/\/fenouilliere.com\/en\/restaurant\/#breadcrumb\",\"itemListElement\":[{\"@type\":\"ListItem\",\"position\":1,\"name\":\"Accueil\",\"item\":\"https:\/\/fenouilliere.com\/en\/\"},{\"@type\":\"ListItem\",\"position\":2,\"name\":\"Restaurant\"}]},{\"@type\":\"WebSite\",\"@id\":\"https:\/\/fenouilliere.com\/en\/#website\",\"url\":\"https:\/\/fenouilliere.com\/en\/\",\"name\":\"La Fenouilliere\",\"description\":\"\",\"publisher\":{\"@id\":\"https:\/\/fenouilliere.com\/en\/#organization\"},\"potentialAction\":[{\"@type\":\"SearchAction\",\"target\":{\"@type\":\"EntryPoint\",\"urlTemplate\":\"https:\/\/fenouilliere.com\/en\/?s={search_term_string}\"},\"query-input\":{\"@type\":\"PropertyValueSpecification\",\"valueRequired\":true,\"valueName\":\"search_term_string\"}}],\"inLanguage\":\"en-US\"},{\"@type\":\"Organization\",\"@id\":\"https:\/\/fenouilliere.com\/en\/#organization\",\"name\":\"La Fenouilli\u00e8re\",\"url\":\"https:\/\/fenouilliere.com\/en\/\",\"logo\":{\"@type\":\"ImageObject\",\"inLanguage\":\"en-US\",\"@id\":\"https:\/\/fenouilliere.com\/en\/#\/schema\/logo\/image\/\",\"url\":\"https:\/\/fenouilliere.com\/wp-content\/uploads\/2025\/01\/favicon-fenouilliere.png\",\"contentUrl\":\"https:\/\/fenouilliere.com\/wp-content\/uploads\/2025\/01\/favicon-fenouilliere.png\",\"width\":1024,\"height\":1024,\"caption\":\"La Fenouilli\u00e8re\"},\"image\":{\"@id\":\"https:\/\/fenouilliere.com\/en\/#\/schema\/logo\/image\/\"}}]}<\/script>\n<!-- \/ Yoast SEO plugin. -->","yoast_head_json":{"title":"La Fenouilli\u00e8re \u00e0 Qu\u00e9bec | Une exp\u00e9rience culinaire exceptionnelle","description":"Depuis 35 ans, La Fenouilli\u00e8re est un incontournable de la cuisine gastronomique \u00e0 Qu\u00e9bec. Profitez d'une exp\u00e9rience culinaire unique.","robots":{"index":"index","follow":"follow","max-snippet":"max-snippet:-1","max-image-preview":"max-image-preview:large","max-video-preview":"max-video-preview:-1"},"canonical":"https:\/\/fenouilliere.com\/en\/restaurant\/","og_locale":"en_US","og_type":"article","og_title":"La Fenouilli\u00e8re \u00e0 Qu\u00e9bec | Une exp\u00e9rience culinaire exceptionnelle","og_description":"Depuis 35 ans, La Fenouilli\u00e8re est un incontournable de la cuisine gastronomique \u00e0 Qu\u00e9bec. Profitez d'une exp\u00e9rience culinaire unique.","og_url":"https:\/\/fenouilliere.com\/en\/restaurant\/","og_site_name":"La Fenouilliere","article_modified_time":"2025-03-25T13:26:15+00:00","og_image":[{"width":2560,"height":1439,"url":"https:\/\/fenouilliere.com\/wp-content\/uploads\/2025\/02\/image-fond-accueil-scaled.jpg","type":"image\/jpeg"}],"twitter_card":"summary_large_image","twitter_misc":{"Est. reading time":"2 minutes"},"schema":{"@context":"https:\/\/schema.org","@graph":[{"@type":"WebPage","@id":"https:\/\/fenouilliere.com\/en\/restaurant\/","url":"https:\/\/fenouilliere.com\/en\/restaurant\/","name":"La Fenouilli\u00e8re \u00e0 Qu\u00e9bec | Une exp\u00e9rience culinaire exceptionnelle","isPartOf":{"@id":"https:\/\/fenouilliere.com\/en\/#website"},"datePublished":"2025-01-23T18:30:05+00:00","dateModified":"2025-03-25T13:26:15+00:00","description":"Depuis 35 ans, La Fenouilli\u00e8re est un incontournable de la cuisine gastronomique \u00e0 Qu\u00e9bec. Profitez d'une exp\u00e9rience culinaire unique.","breadcrumb":{"@id":"https:\/\/fenouilliere.com\/en\/restaurant\/#breadcrumb"},"inLanguage":"en-US","potentialAction":[{"@type":"ReadAction","target":["https:\/\/fenouilliere.com\/en\/restaurant\/"]}]},{"@type":"BreadcrumbList","@id":"https:\/\/fenouilliere.com\/en\/restaurant\/#breadcrumb","itemListElement":[{"@type":"ListItem","position":1,"name":"Accueil","item":"https:\/\/fenouilliere.com\/en\/"},{"@type":"ListItem","position":2,"name":"Restaurant"}]},{"@type":"WebSite","@id":"https:\/\/fenouilliere.com\/en\/#website","url":"https:\/\/fenouilliere.com\/en\/","name":"La Fenouilliere","description":"","publisher":{"@id":"https:\/\/fenouilliere.com\/en\/#organization"},"potentialAction":[{"@type":"SearchAction","target":{"@type":"EntryPoint","urlTemplate":"https:\/\/fenouilliere.com\/en\/?s={search_term_string}"},"query-input":{"@type":"PropertyValueSpecification","valueRequired":true,"valueName":"search_term_string"}}],"inLanguage":"en-US"},{"@type":"Organization","@id":"https:\/\/fenouilliere.com\/en\/#organization","name":"La Fenouilli\u00e8re","url":"https:\/\/fenouilliere.com\/en\/","logo":{"@type":"ImageObject","inLanguage":"en-US","@id":"https:\/\/fenouilliere.com\/en\/#\/schema\/logo\/image\/","url":"https:\/\/fenouilliere.com\/wp-content\/uploads\/2025\/01\/favicon-fenouilliere.png","contentUrl":"https:\/\/fenouilliere.com\/wp-content\/uploads\/2025\/01\/favicon-fenouilliere.png","width":1024,"height":1024,"caption":"La Fenouilli\u00e8re"},"image":{"@id":"https:\/\/fenouilliere.com\/en\/#\/schema\/logo\/image\/"}}]}},"_links":{"self":[{"href":"https:\/\/fenouilliere.com\/en\/wp-json\/wp\/v2\/pages\/470","targetHints":{"allow":["GET"]}}],"collection":[{"href":"https:\/\/fenouilliere.com\/en\/wp-json\/wp\/v2\/pages"}],"about":[{"href":"https:\/\/fenouilliere.com\/en\/wp-json\/wp\/v2\/types\/page"}],"author":[{"embeddable":true,"href":"https:\/\/fenouilliere.com\/en\/wp-json\/wp\/v2\/users\/1"}],"replies":[{"embeddable":true,"href":"https:\/\/fenouilliere.com\/en\/wp-json\/wp\/v2\/comments?post=470"}],"version-history":[{"count":3,"href":"https:\/\/fenouilliere.com\/en\/wp-json\/wp\/v2\/pages\/470\/revisions"}],"predecessor-version":[{"id":555,"href":"https:\/\/fenouilliere.com\/en\/wp-json\/wp\/v2\/pages\/470\/revisions\/555"}],"wp:attachment":[{"href":"https:\/\/fenouilliere.com\/en\/wp-json\/wp\/v2\/media?parent=470"}],"curies":[{"name":"wp","href":"https:\/\/api.w.org\/{rel}","templated":true}]}}