{"id":473,"date":"2025-01-23T13:30:25","date_gmt":"2025-01-23T18:30:25","guid":{"rendered":"https:\/\/fenouilliere.com\/salons-et-reunions\/"},"modified":"2025-03-25T09:45:03","modified_gmt":"2025-03-25T13:45:03","slug":"lounges-and-meetings","status":"publish","type":"page","link":"https:\/\/fenouilliere.com\/en\/lounges-and-meetings\/","title":{"rendered":"Lounges and meetings"},"content":{"rendered":"\n<div class=\"entete-page entete-page--encadre mt-0\">\n    <div class=\"container\">\n        <div class=\"row\">\n            <div class=\"column-12 column-lg-8\">\n                <div class=\"entete-page__title\">\n                    <h1>Our meeting rooms, the ideal venue for your meetings<\/h1>\n                <\/div>\n            <\/div>\n            <div class=\"column-12 column-lg-3\">\n                <div class=\"entete-page__texte\">\n                    <p>Whether for a business meeting, a conference, a private banquet or a special event, La Fenouilli\u00e8re offers refined, fully-equipped spaces to meet your every need.<\/p>\n                <\/div>\n            <\/div>\n        <\/div>\n    <\/div>\n<\/div>\n\n\n\n<div id=\"block_ba5e4e79b28a83ba9a719225dbc8fe6e\" class=\"pt-0 pb-0 banner \">\n    <div class=\"container\">\n        <div class=\"row\">\n                            <div class=\"column-12\">\n                    <div class=\"banner__image\">\n                                            <\/div>\n                <\/div>\n                    <\/div>\n    <\/div>\n<\/div>\n\n\n\n<div id=\"block_09404756df9883ffcd4570368c87230b\" class=\" content-center\">\n        <div class=\"container\">\n        <div class=\"row\">\n            <div class=\"column-12 column-lg-8 offset-lg-2\">\n                <div class=\"content-center__content\">\n                    \n\n<h2 class=\"wp-block-heading has-text-align-center\">Choose the perfect space for your meetings<\/h2>\n\n\n\n<p class=\"has-text-align-center\">For your meetings or private events, our lounges offer an elegant and friendly setting, designed to turn every moment into a unique experience.<\/p>\n\n\n                <\/div>\n            <\/div>\n        <\/div>\n    <\/div>\n<\/div>\n\n\n\n<div class=\"pt-0 pb-0 card-tabs\">\n    <div class=\"container\">\n        <div class=\"row\">\n            <div class=\"column-12\">\n                <div class=\"card-tabs__content\">\n                    <div class=\"tabs\"><\/div>\n                    <div class=\"tabs-content\">\n                        \n\n<div class=\"tab\" data-tab=\"Laurier Lounge\">\n    <div class=\"row\">\n        <div class=\"column-12 column-lg-6\">\n            <div class=\"tab__content\">\n                \n\n<h2 class=\"wp-block-heading\">Laurier Lounge<\/h2>\n\n\n\n<p>With a capacity of 15 people, the Laurier Lounge is ideal for business meetings, training sessions or professional gatherings in a comfortable, discreet setting. This private space encourages productive exchanges in a warm, professional atmosphere.<\/p>\n\n\n\n<p><strong>Capacity :<\/strong><br>15 people<\/p>\n\n\n\n<hr class=\"wp-block-separator has-alpha-channel-opacity\"\/>\n\n\n\n<p><strong>Available equipment :<\/strong><br>Possibility of installing multimedia equipment for your presentations.<\/p>\n\n\n\n<hr class=\"wp-block-separator has-alpha-channel-opacity\"\/>\n\n\n\n<p><strong>Meal service :<\/strong><br>Enjoy a pre-arranged group menu, combining refined flavors and efficiency.<\/p>\n\n\n\n<div class=\"wp-block-buttons is-layout-flex wp-block-buttons-is-layout-flex\">\n<div class=\"wp-block-button\"><a class=\"wp-block-button__link wp-element-button\" href=\"#formulaire\">Book now<\/a><\/div>\n<\/div>\n\n\n            <\/div>\n        <\/div>\n        <div class=\"column-12 column-lg-6\">\n                            <div class=\"tab__image\">\n                    <img decoding=\"async\" data-src=\"https:\/\/fenouilliere.com\/wp-content\/uploads\/2025\/03\/Salle-Laurier.jpg\" alt=\"Salle-Laurier\" src=\"data:image\/svg+xml;base64,PHN2ZyB3aWR0aD0iMSIgaGVpZ2h0PSIxIiB4bWxucz0iaHR0cDovL3d3dy53My5vcmcvMjAwMC9zdmciPjwvc3ZnPg==\" class=\"lazyload\" style=\"--smush-placeholder-width: 1500px; --smush-placeholder-aspect-ratio: 1500\/827;\">\n                <\/div>\n                    <\/div>\n    <\/div>\n<\/div>\n\n\n\n<div class=\"tab\" data-tab=\"St-Laurent Lounge\">\n    <div class=\"row\">\n        <div class=\"column-12 column-lg-6\">\n            <div class=\"tab__content\">\n                \n\n<h2 class=\"wp-block-heading\">St-Laurent Lounge<\/h2>\n\n\n\n<p>With a capacity of 25 people, the St-Laurent Lounge is ideal for business meetings, conferences and professional gatherings. Its elegant ambience and intimate setting make it an ideal venue for productive and enjoyable exchanges.<\/p>\n\n\n\n<p><strong>Capacity :<\/strong><br>25 people<\/p>\n\n\n\n<hr class=\"wp-block-separator has-alpha-channel-opacity\"\/>\n\n\n\n<p><strong>Available equipment :<\/strong><br>Multimedia equipment available for presentations.<\/p>\n\n\n\n<hr class=\"wp-block-separator has-alpha-channel-opacity\"\/>\n\n\n\n<p><strong>Meal service :<\/strong><br>Take advantage of a pre-established group menu, designed to combine efficiency and gastronomic pleasure.<\/p>\n\n\n\n<div class=\"wp-block-buttons is-layout-flex wp-block-buttons-is-layout-flex\">\n<div class=\"wp-block-button\"><a class=\"wp-block-button__link wp-element-button\" href=\"#formulaire\">Book now<\/a><\/div>\n<\/div>\n\n\n            <\/div>\n        <\/div>\n        <div class=\"column-12 column-lg-6\">\n                            <div class=\"tab__image\">\n                    <img decoding=\"async\" data-src=\"https:\/\/fenouilliere.com\/wp-content\/uploads\/2025\/03\/St-Laurent-scaled.jpg\" alt=\"St-Laurent\" src=\"data:image\/svg+xml;base64,PHN2ZyB3aWR0aD0iMSIgaGVpZ2h0PSIxIiB4bWxucz0iaHR0cDovL3d3dy53My5vcmcvMjAwMC9zdmciPjwvc3ZnPg==\" class=\"lazyload\" style=\"--smush-placeholder-width: 2560px; --smush-placeholder-aspect-ratio: 2560\/1440;\">\n                <\/div>\n                    <\/div>\n    <\/div>\n<\/div>\n\n\n\n<div class=\"tab\" data-tab=\"St-Louis Lounge\">\n    <div class=\"row\">\n        <div class=\"column-12 column-lg-6\">\n            <div class=\"tab__content\">\n                \n\n<h2 class=\"wp-block-heading\">St-Louis Lounge<\/h2>\n\n\n\n<p>With a capacity of 64, St-Louis Lounge is the ideal venue for business meetings, conferences and group lunches, while offering the flexibility to accommodate a variety of special events.<\/p>\n\n\n\n<p><strong>The perfect venue for every occasion<\/strong><\/p>\n\n\n\n<p>Whether you&#8217;re planning a wedding reception, a themed evening or an employee party, this spacious, elegant venue adapts to your needs to create a memorable ambience.<\/p>\n\n\n\n<p><strong>Capacity :<\/strong><br>64 people<\/p>\n\n\n\n<hr class=\"wp-block-separator has-alpha-channel-opacity\"\/>\n\n\n\n<p><strong>Available equipment :<\/strong><br>Possibility of installing multimedia equipment for your presentations.<\/p>\n\n\n\n<hr class=\"wp-block-separator has-alpha-channel-opacity\"\/>\n\n\n\n<p><strong>Meal service :<\/strong><br>Opt for a pre-established group menu, designed to combine flavor and conviviality.<\/p>\n\n\n\n<div class=\"wp-block-buttons is-layout-flex wp-block-buttons-is-layout-flex\">\n<div class=\"wp-block-button\"><a class=\"wp-block-button__link wp-element-button\" href=\"#formulaire\">Book now<\/a><\/div>\n<\/div>\n\n\n            <\/div>\n        <\/div>\n        <div class=\"column-12 column-lg-6\">\n                            <div class=\"tab__image\">\n                    <img decoding=\"async\" data-src=\"https:\/\/fenouilliere.com\/wp-content\/uploads\/2025\/03\/St-Louis.jpg\" alt=\"St-Louis\" src=\"data:image\/svg+xml;base64,PHN2ZyB3aWR0aD0iMSIgaGVpZ2h0PSIxIiB4bWxucz0iaHR0cDovL3d3dy53My5vcmcvMjAwMC9zdmciPjwvc3ZnPg==\" class=\"lazyload\" style=\"--smush-placeholder-width: 505px; --smush-placeholder-aspect-ratio: 505\/305;\">\n                <\/div>\n                    <\/div>\n    <\/div>\n<\/div>\n\n\n\n<div class=\"tab\" data-tab=\"Private Lounge\">\n    <div class=\"row\">\n        <div class=\"column-12 column-lg-6\">\n            <div class=\"tab__content\">\n                \n\n<h2 class=\"wp-block-heading\">Private Lounge<\/h2>\n\n\n\n<p>Located next to the dining room, the Private Lounge offers a cozy, refined and exclusive setting, ideal for discreet events. With a capacity of 36 people, this inviting space is perfect for business meals, private celebrations or family gatherings.<\/p>\n\n\n\n<p><strong>Capacity :<\/strong> <br>36 people<\/p>\n\n\n\n<hr class=\"wp-block-separator has-alpha-channel-opacity\"\/>\n\n\n\n<p><strong>A customizable menu<\/strong> :<br>We&#8217;ll be delighted to work with you to create a personalized menu that&#8217;s affordable and tailored to your budget, to make your event an unforgettable experience.<\/p>\n\n\n\n<div class=\"wp-block-buttons is-layout-flex wp-block-buttons-is-layout-flex\">\n<div class=\"wp-block-button\"><a class=\"wp-block-button__link wp-element-button\" href=\"#formulaire\">Book now<\/a><\/div>\n<\/div>\n\n\n            <\/div>\n        <\/div>\n        <div class=\"column-12 column-lg-6\">\n                            <div class=\"tab__image\">\n                    <img decoding=\"async\" data-src=\"https:\/\/fenouilliere.com\/wp-content\/uploads\/2025\/03\/salle-25.jpg\" alt=\"salle-25\" src=\"data:image\/svg+xml;base64,PHN2ZyB3aWR0aD0iMSIgaGVpZ2h0PSIxIiB4bWxucz0iaHR0cDovL3d3dy53My5vcmcvMjAwMC9zdmciPjwvc3ZnPg==\" class=\"lazyload\" style=\"--smush-placeholder-width: 1500px; --smush-placeholder-aspect-ratio: 1500\/1001;\">\n                <\/div>\n                    <\/div>\n    <\/div>\n<\/div>\n\n\n                    <\/div>\n                <\/div>\n            <\/div>\n        <\/div>\n    <\/div>\n<\/div>\n\n\n\n<div id=\"formulaire\" class=\" content-list-form\">\n    <div class=\"container\">\n        <div class=\"row\">\n            <div class=\"column-12 column-lg-6\">\n                <div class=\"content-list-form__title\">\n                    <h2>Book your meeting or event<\/h2>\n                <\/div>\n            <\/div>\n        <\/div>\n        <div class=\"row\">\n            <div class=\"column-12 column-lg-6\">\n                <div class=\"content-list-form__content\">\n                    <div class=\"text\">\n                        <p>Plan your event in a refined and warm setting! Book one of our lounges now and offer your guests an unforgettable experience.<\/p>\n                    <\/div>\n                                    <\/div>\n            <\/div>\n            <div class=\"column-12 column-lg-6\">\n                                    <div class=\"content-list-form__form\">\n                        \n<div class=\"wpcf7 no-js\" id=\"wpcf7-f496-o1\" lang=\"en-US\" dir=\"ltr\" data-wpcf7-id=\"496\">\n<div class=\"screen-reader-response\"><p role=\"status\" aria-live=\"polite\" aria-atomic=\"true\"><\/p> <ul><\/ul><\/div>\n<form action=\"\/en\/wp-json\/wp\/v2\/pages\/473#wpcf7-f496-o1\" method=\"post\" class=\"wpcf7-form init\" aria-label=\"Contact form\" novalidate=\"novalidate\" data-status=\"init\">\n<fieldset class=\"hidden-fields-container\"><input type=\"hidden\" name=\"_wpcf7\" value=\"496\" \/><input type=\"hidden\" name=\"_wpcf7_version\" value=\"6.1.4\" \/><input type=\"hidden\" name=\"_wpcf7_locale\" value=\"en_US\" \/><input type=\"hidden\" name=\"_wpcf7_unit_tag\" value=\"wpcf7-f496-o1\" \/><input type=\"hidden\" name=\"_wpcf7_container_post\" value=\"0\" \/><input type=\"hidden\" name=\"_wpcf7_posted_data_hash\" value=\"\" \/><input type=\"hidden\" name=\"_wpcf7_recaptcha_response\" value=\"\" \/>\n<\/fieldset>\n<div class=\"row\">\n<div class=\"column-12 column-lg-6\">\n<label>First and last name <span class=\"wpcf7-form-control-wrap\" data-name=\"nom\"><input size=\"40\" maxlength=\"400\" class=\"wpcf7-form-control wpcf7-text wpcf7-validates-as-required\" aria-required=\"true\" aria-invalid=\"false\" value=\"\" type=\"text\" name=\"nom\" \/><\/span><\/label>\n<\/div>\n<div class=\"column-12 column-lg-6\">\n<label>Phone <span class=\"wpcf7-form-control-wrap\" data-name=\"telephone\"><input size=\"40\" maxlength=\"400\" class=\"wpcf7-form-control wpcf7-tel wpcf7-validates-as-required wpcf7-text wpcf7-validates-as-tel\" aria-required=\"true\" aria-invalid=\"false\" value=\"\" type=\"tel\" name=\"telephone\" \/><\/span><\/label>\n<\/div>\n<div class=\"column-12 column-lg-6\">\n<label>Email address <span class=\"wpcf7-form-control-wrap\" data-name=\"courriel\"><input size=\"40\" maxlength=\"400\" class=\"wpcf7-form-control wpcf7-email wpcf7-validates-as-required wpcf7-text wpcf7-validates-as-email\" aria-required=\"true\" aria-invalid=\"false\" value=\"\" type=\"email\" name=\"courriel\" \/><\/span><\/label>\n<\/div>\n<div class=\"column-12 column-lg-6\">\n<label class=\"select-container\">Event type <span><span class=\"wpcf7-form-control-wrap\" data-name=\"type\"><select class=\"wpcf7-form-control wpcf7-select\" aria-invalid=\"false\" name=\"type\"><option value=\"\">Select an option<\/option><option value=\"Business meetings\">Business meetings<\/option><option value=\"Conference\">Conference<\/option><option value=\"Private banquet\">Private banquet<\/option><option value=\"Special event\">Special event<\/option><\/select><\/span><\/span><\/label>\n<\/div>\n<div class=\"column-12 column-lg-4\">\n<label>Number of people <span class=\"wpcf7-form-control-wrap\" data-name=\"nbr-personnes\"><input size=\"40\" maxlength=\"400\" class=\"wpcf7-form-control wpcf7-text wpcf7-validates-as-required\" aria-required=\"true\" aria-invalid=\"false\" value=\"\" type=\"text\" name=\"nbr-personnes\" \/><\/span><\/label>\n<\/div>\n<div class=\"column-12 column-lg-4\">\n<label>Event date <span class=\"wpcf7-form-control-wrap\" data-name=\"event-date\"><input size=\"40\" maxlength=\"400\" class=\"wpcf7-form-control wpcf7-text wpcf7-validates-as-required\" aria-required=\"true\" aria-invalid=\"false\" value=\"\" type=\"text\" name=\"event-date\" \/><\/span><\/label>\n<\/div>\n<div class=\"column-12 column-lg-4\">\n<label>Event time <span class=\"wpcf7-form-control-wrap\" data-name=\"event-hours\"><input size=\"40\" maxlength=\"400\" class=\"wpcf7-form-control wpcf7-text wpcf7-validates-as-required\" aria-required=\"true\" aria-invalid=\"false\" value=\"\" type=\"text\" name=\"event-hours\" \/><\/span><\/label>\n<\/div>\n<div class=\"column-12\">\n<label>Other information \/ restrictions \/ comments <span class=\"wpcf7-form-control-wrap\" data-name=\"infos\"><textarea cols=\"40\" rows=\"10\" maxlength=\"2000\" class=\"wpcf7-form-control wpcf7-textarea\" aria-invalid=\"false\" name=\"infos\"><\/textarea><\/span><\/label>\n<\/div>\n<div class=\"column-12\">\n<button class=\"wpcf7-form-control wpcf7-submit button--solid button--solid--light\" type=\"submit\">Send<\/button>\n<\/div>\n<\/div><div class=\"wpcf7-response-output\" aria-hidden=\"true\"><\/div>\n<\/form>\n<\/div>\n                    <\/div>\n                            <\/div>\n        <\/div>\n    <\/div>\n<\/div>\n","protected":false},"excerpt":{"rendered":"","protected":false},"author":1,"featured_media":0,"parent":0,"menu_order":0,"comment_status":"closed","ping_status":"closed","template":"","meta":{"_acf_changed":false,"footnotes":""},"class_list":["post-473","page","type-page","status-publish","hentry"],"acf":[],"yoast_head":"<!-- This site is optimized with the Yoast SEO plugin v26.8 - https:\/\/yoast.com\/product\/yoast-seo-wordpress\/ -->\n<title>Salles de r\u00e9union \u00e9l\u00e9gantes \u00e0 La Fenouilli\u00e8re pour vos \u00e9v\u00e9nements<\/title>\n<meta name=\"description\" content=\"Organisez vos r\u00e9unions d\u2019affaires ou \u00e9v\u00e9nements priv\u00e9s dans les salles \u00e9l\u00e9gantes et \u00e9quip\u00e9es de La Fenouilli\u00e8re \u00e0 Qu\u00e9bec.\" \/>\n<meta name=\"robots\" content=\"index, follow, max-snippet:-1, max-image-preview:large, max-video-preview:-1\" \/>\n<link rel=\"canonical\" href=\"https:\/\/fenouilliere.com\/en\/lounges-and-meetings\/\" \/>\n<meta property=\"og:locale\" content=\"en_US\" \/>\n<meta property=\"og:type\" content=\"article\" \/>\n<meta property=\"og:title\" content=\"Salles de r\u00e9union \u00e9l\u00e9gantes \u00e0 La Fenouilli\u00e8re pour vos \u00e9v\u00e9nements\" \/>\n<meta property=\"og:description\" content=\"Organisez vos r\u00e9unions d\u2019affaires ou \u00e9v\u00e9nements priv\u00e9s dans les salles \u00e9l\u00e9gantes et \u00e9quip\u00e9es de La Fenouilli\u00e8re \u00e0 Qu\u00e9bec.\" \/>\n<meta property=\"og:url\" content=\"https:\/\/fenouilliere.com\/en\/lounges-and-meetings\/\" \/>\n<meta property=\"og:site_name\" content=\"La Fenouilliere\" \/>\n<meta property=\"article:modified_time\" content=\"2025-03-25T13:45:03+00:00\" \/>\n<meta property=\"og:image\" content=\"https:\/\/fenouilliere.com\/wp-content\/uploads\/2025\/02\/image-fond-accueil-scaled.jpg\" \/>\n\t<meta property=\"og:image:width\" content=\"2560\" \/>\n\t<meta property=\"og:image:height\" content=\"1439\" \/>\n\t<meta property=\"og:image:type\" content=\"image\/jpeg\" \/>\n<meta name=\"twitter:card\" content=\"summary_large_image\" \/>\n<meta name=\"twitter:label1\" content=\"Est. reading time\" \/>\n\t<meta name=\"twitter:data1\" content=\"2 minutes\" \/>\n<script type=\"application\/ld+json\" class=\"yoast-schema-graph\">{\"@context\":\"https:\/\/schema.org\",\"@graph\":[{\"@type\":\"WebPage\",\"@id\":\"https:\/\/fenouilliere.com\/en\/lounges-and-meetings\/\",\"url\":\"https:\/\/fenouilliere.com\/en\/lounges-and-meetings\/\",\"name\":\"Salles de r\u00e9union \u00e9l\u00e9gantes \u00e0 La Fenouilli\u00e8re pour vos \u00e9v\u00e9nements\",\"isPartOf\":{\"@id\":\"https:\/\/fenouilliere.com\/en\/#website\"},\"datePublished\":\"2025-01-23T18:30:25+00:00\",\"dateModified\":\"2025-03-25T13:45:03+00:00\",\"description\":\"Organisez vos r\u00e9unions d\u2019affaires ou \u00e9v\u00e9nements priv\u00e9s dans les salles \u00e9l\u00e9gantes et \u00e9quip\u00e9es de La Fenouilli\u00e8re \u00e0 Qu\u00e9bec.\",\"breadcrumb\":{\"@id\":\"https:\/\/fenouilliere.com\/en\/lounges-and-meetings\/#breadcrumb\"},\"inLanguage\":\"en-US\",\"potentialAction\":[{\"@type\":\"ReadAction\",\"target\":[\"https:\/\/fenouilliere.com\/en\/lounges-and-meetings\/\"]}]},{\"@type\":\"BreadcrumbList\",\"@id\":\"https:\/\/fenouilliere.com\/en\/lounges-and-meetings\/#breadcrumb\",\"itemListElement\":[{\"@type\":\"ListItem\",\"position\":1,\"name\":\"Accueil\",\"item\":\"https:\/\/fenouilliere.com\/en\/\"},{\"@type\":\"ListItem\",\"position\":2,\"name\":\"Lounges and meetings\"}]},{\"@type\":\"WebSite\",\"@id\":\"https:\/\/fenouilliere.com\/en\/#website\",\"url\":\"https:\/\/fenouilliere.com\/en\/\",\"name\":\"La Fenouilliere\",\"description\":\"\",\"publisher\":{\"@id\":\"https:\/\/fenouilliere.com\/en\/#organization\"},\"potentialAction\":[{\"@type\":\"SearchAction\",\"target\":{\"@type\":\"EntryPoint\",\"urlTemplate\":\"https:\/\/fenouilliere.com\/en\/?s={search_term_string}\"},\"query-input\":{\"@type\":\"PropertyValueSpecification\",\"valueRequired\":true,\"valueName\":\"search_term_string\"}}],\"inLanguage\":\"en-US\"},{\"@type\":\"Organization\",\"@id\":\"https:\/\/fenouilliere.com\/en\/#organization\",\"name\":\"La Fenouilli\u00e8re\",\"url\":\"https:\/\/fenouilliere.com\/en\/\",\"logo\":{\"@type\":\"ImageObject\",\"inLanguage\":\"en-US\",\"@id\":\"https:\/\/fenouilliere.com\/en\/#\/schema\/logo\/image\/\",\"url\":\"https:\/\/fenouilliere.com\/wp-content\/uploads\/2025\/01\/favicon-fenouilliere.png\",\"contentUrl\":\"https:\/\/fenouilliere.com\/wp-content\/uploads\/2025\/01\/favicon-fenouilliere.png\",\"width\":1024,\"height\":1024,\"caption\":\"La Fenouilli\u00e8re\"},\"image\":{\"@id\":\"https:\/\/fenouilliere.com\/en\/#\/schema\/logo\/image\/\"}}]}<\/script>\n<!-- \/ Yoast SEO plugin. -->","yoast_head_json":{"title":"Salles de r\u00e9union \u00e9l\u00e9gantes \u00e0 La Fenouilli\u00e8re pour vos \u00e9v\u00e9nements","description":"Organisez vos r\u00e9unions d\u2019affaires ou \u00e9v\u00e9nements priv\u00e9s dans les salles \u00e9l\u00e9gantes et \u00e9quip\u00e9es de La Fenouilli\u00e8re \u00e0 Qu\u00e9bec.","robots":{"index":"index","follow":"follow","max-snippet":"max-snippet:-1","max-image-preview":"max-image-preview:large","max-video-preview":"max-video-preview:-1"},"canonical":"https:\/\/fenouilliere.com\/en\/lounges-and-meetings\/","og_locale":"en_US","og_type":"article","og_title":"Salles de r\u00e9union \u00e9l\u00e9gantes \u00e0 La Fenouilli\u00e8re pour vos \u00e9v\u00e9nements","og_description":"Organisez vos r\u00e9unions d\u2019affaires ou \u00e9v\u00e9nements priv\u00e9s dans les salles \u00e9l\u00e9gantes et \u00e9quip\u00e9es de La Fenouilli\u00e8re \u00e0 Qu\u00e9bec.","og_url":"https:\/\/fenouilliere.com\/en\/lounges-and-meetings\/","og_site_name":"La Fenouilliere","article_modified_time":"2025-03-25T13:45:03+00:00","og_image":[{"width":2560,"height":1439,"url":"https:\/\/fenouilliere.com\/wp-content\/uploads\/2025\/02\/image-fond-accueil-scaled.jpg","type":"image\/jpeg"}],"twitter_card":"summary_large_image","twitter_misc":{"Est. reading time":"2 minutes"},"schema":{"@context":"https:\/\/schema.org","@graph":[{"@type":"WebPage","@id":"https:\/\/fenouilliere.com\/en\/lounges-and-meetings\/","url":"https:\/\/fenouilliere.com\/en\/lounges-and-meetings\/","name":"Salles de r\u00e9union \u00e9l\u00e9gantes \u00e0 La Fenouilli\u00e8re pour vos \u00e9v\u00e9nements","isPartOf":{"@id":"https:\/\/fenouilliere.com\/en\/#website"},"datePublished":"2025-01-23T18:30:25+00:00","dateModified":"2025-03-25T13:45:03+00:00","description":"Organisez vos r\u00e9unions d\u2019affaires ou \u00e9v\u00e9nements priv\u00e9s dans les salles \u00e9l\u00e9gantes et \u00e9quip\u00e9es de La Fenouilli\u00e8re \u00e0 Qu\u00e9bec.","breadcrumb":{"@id":"https:\/\/fenouilliere.com\/en\/lounges-and-meetings\/#breadcrumb"},"inLanguage":"en-US","potentialAction":[{"@type":"ReadAction","target":["https:\/\/fenouilliere.com\/en\/lounges-and-meetings\/"]}]},{"@type":"BreadcrumbList","@id":"https:\/\/fenouilliere.com\/en\/lounges-and-meetings\/#breadcrumb","itemListElement":[{"@type":"ListItem","position":1,"name":"Accueil","item":"https:\/\/fenouilliere.com\/en\/"},{"@type":"ListItem","position":2,"name":"Lounges and meetings"}]},{"@type":"WebSite","@id":"https:\/\/fenouilliere.com\/en\/#website","url":"https:\/\/fenouilliere.com\/en\/","name":"La Fenouilliere","description":"","publisher":{"@id":"https:\/\/fenouilliere.com\/en\/#organization"},"potentialAction":[{"@type":"SearchAction","target":{"@type":"EntryPoint","urlTemplate":"https:\/\/fenouilliere.com\/en\/?s={search_term_string}"},"query-input":{"@type":"PropertyValueSpecification","valueRequired":true,"valueName":"search_term_string"}}],"inLanguage":"en-US"},{"@type":"Organization","@id":"https:\/\/fenouilliere.com\/en\/#organization","name":"La Fenouilli\u00e8re","url":"https:\/\/fenouilliere.com\/en\/","logo":{"@type":"ImageObject","inLanguage":"en-US","@id":"https:\/\/fenouilliere.com\/en\/#\/schema\/logo\/image\/","url":"https:\/\/fenouilliere.com\/wp-content\/uploads\/2025\/01\/favicon-fenouilliere.png","contentUrl":"https:\/\/fenouilliere.com\/wp-content\/uploads\/2025\/01\/favicon-fenouilliere.png","width":1024,"height":1024,"caption":"La Fenouilli\u00e8re"},"image":{"@id":"https:\/\/fenouilliere.com\/en\/#\/schema\/logo\/image\/"}}]}},"_links":{"self":[{"href":"https:\/\/fenouilliere.com\/en\/wp-json\/wp\/v2\/pages\/473","targetHints":{"allow":["GET"]}}],"collection":[{"href":"https:\/\/fenouilliere.com\/en\/wp-json\/wp\/v2\/pages"}],"about":[{"href":"https:\/\/fenouilliere.com\/en\/wp-json\/wp\/v2\/types\/page"}],"author":[{"embeddable":true,"href":"https:\/\/fenouilliere.com\/en\/wp-json\/wp\/v2\/users\/1"}],"replies":[{"embeddable":true,"href":"https:\/\/fenouilliere.com\/en\/wp-json\/wp\/v2\/comments?post=473"}],"version-history":[{"count":6,"href":"https:\/\/fenouilliere.com\/en\/wp-json\/wp\/v2\/pages\/473\/revisions"}],"predecessor-version":[{"id":568,"href":"https:\/\/fenouilliere.com\/en\/wp-json\/wp\/v2\/pages\/473\/revisions\/568"}],"wp:attachment":[{"href":"https:\/\/fenouilliere.com\/en\/wp-json\/wp\/v2\/media?parent=473"}],"curies":[{"name":"wp","href":"https:\/\/api.w.org\/{rel}","templated":true}]}}